{"id":9,"date":"2025-11-03T08:58:53","date_gmt":"2025-11-03T08:58:53","guid":{"rendered":"http:\/\/fanmkreolg90.ovh\/?page_id=9"},"modified":"2025-11-03T08:58:53","modified_gmt":"2025-11-03T08:58:53","slug":"fanm-kreol","status":"publish","type":"page","link":"https:\/\/fanmkreolg90.ovh\/","title":{"rendered":"FANM KREOL"},"content":{"rendered":"\n<figure class=\"wp-block-image size-full\"><img loading=\"lazy\" decoding=\"async\" width=\"500\" height=\"500\" src=\"http:\/\/fanmkreolg90.ovh\/wp-content\/uploads\/2025\/11\/LOGO-1.png\" alt=\"\" class=\"wp-image-10\" srcset=\"https:\/\/fanmkreolg90.ovh\/wp-content\/uploads\/2025\/11\/LOGO-1.png 500w, https:\/\/fanmkreolg90.ovh\/wp-content\/uploads\/2025\/11\/LOGO-1-300x300.png 300w, https:\/\/fanmkreolg90.ovh\/wp-content\/uploads\/2025\/11\/LOGO-1-150x150.png 150w\" sizes=\"auto, (max-width: 500px) 100vw, 500px\" \/><\/figure>\n\n\n\n<p>FANM KREOL  r\u00e9unionnaise de 33 ans ,maman de 3 enfants, amoureuse de sa culture et de ses racines, qui s&rsquo;est lanc\u00e9 le d\u00e9fi de venir en aide aux femmes, maman qui ont perdu confiance en elle \u00e0 reprendre go\u00fbt \u00e0 la vie et leurs r\u00eaves. <\/p>\n\n\n\n<p>Mon choix c&rsquo;est port\u00e9e , sur mon v\u00e9cu. Pendant trop longtemps, j&rsquo;ai mis de cot\u00e9s mes r\u00eaves, mes ambitions.<\/p>\n\n\n\n<p>J&rsquo;accorde beaucoup d&rsquo;importance aux valeurs familial, mais cela ne devrait pas nous frein\u00e9e dans notre qu\u00eate d&rsquo;ind\u00e9pendance.<\/p>\n\n\n\n<p>A travers, ce projet je souhaite bris\u00e9e les croyances limitantes, li\u00e9es \u00e0 l&rsquo;\u00e9ducations des femmes Cr\u00e9ole, de nos sch\u00e9mas familial et de nos traditions, tout en respectant ces diff\u00e9rents aspect, qui font parti int\u00e9grante de nos valeurs.<\/p>\n","protected":false},"excerpt":{"rendered":"<p>FANM KREOL r\u00e9unionnaise de 33 ans ,maman de 3 enfants, amoureuse de sa culture et de ses racines, qui s&rsquo;est lanc\u00e9 le d\u00e9fi de venir en aide aux femmes, maman qui ont perdu confiance en elle \u00e0 reprendre go\u00fbt \u00e0 la vie et leurs r\u00eaves. Mon choix c&rsquo;est port\u00e9e , sur mon v\u00e9cu. Pendant trop [&hellip;]<\/p>\n","protected":false},"author":1,"featured_media":10,"parent":0,"menu_order":0,"comment_status":"closed","ping_status":"closed","template":"","meta":{"footnotes":""},"class_list":["post-9","page","type-page","status-publish","has-post-thumbnail","hentry"],"_links":{"self":[{"href":"https:\/\/fanmkreolg90.ovh\/index.php\/wp-json\/wp\/v2\/pages\/9","targetHints":{"allow":["GET"]}}],"collection":[{"href":"https:\/\/fanmkreolg90.ovh\/index.php\/wp-json\/wp\/v2\/pages"}],"about":[{"href":"https:\/\/fanmkreolg90.ovh\/index.php\/wp-json\/wp\/v2\/types\/page"}],"author":[{"embeddable":true,"href":"https:\/\/fanmkreolg90.ovh\/index.php\/wp-json\/wp\/v2\/users\/1"}],"replies":[{"embeddable":true,"href":"https:\/\/fanmkreolg90.ovh\/index.php\/wp-json\/wp\/v2\/comments?post=9"}],"version-history":[{"count":1,"href":"https:\/\/fanmkreolg90.ovh\/index.php\/wp-json\/wp\/v2\/pages\/9\/revisions"}],"predecessor-version":[{"id":11,"href":"https:\/\/fanmkreolg90.ovh\/index.php\/wp-json\/wp\/v2\/pages\/9\/revisions\/11"}],"wp:featuredmedia":[{"embeddable":true,"href":"https:\/\/fanmkreolg90.ovh\/index.php\/wp-json\/wp\/v2\/media\/10"}],"wp:attachment":[{"href":"https:\/\/fanmkreolg90.ovh\/index.php\/wp-json\/wp\/v2\/media?parent=9"}],"curies":[{"name":"wp","href":"https:\/\/api.w.org\/{rel}","templated":true}]}}